{"id":537,"date":"2019-06-01T10:21:53","date_gmt":"2019-06-01T08:21:53","guid":{"rendered":"http:\/\/www.interface-biz.com\/new\/?page_id=537"},"modified":"2024-03-08T15:48:53","modified_gmt":"2024-03-08T13:48:53","slug":"nous-contacter","status":"publish","type":"page","link":"https:\/\/www.interface-biz.com\/new\/nous-contacter\/","title":{"rendered":"Nous contacter"},"content":{"rendered":"<p><strong>Interface Business Languages<\/strong><br \/>\n19 place de l&#8217;Iris, Paris &#8211; La D\u00e9fense<br \/>\nT\u00e9l. 01 47 76 44 68<br \/>\n<strong>Metro ligne 1 &#8211; Esplanade\u00a0 de la D\u00e9fense<\/strong><\/p>\n\n<div class=\"wpcf7 no-js\" id=\"wpcf7-f83-o1\" lang=\"en-US\" dir=\"ltr\" data-wpcf7-id=\"83\">\n<div class=\"screen-reader-response\"><p role=\"status\" aria-live=\"polite\" aria-atomic=\"true\"><\/p> <ul><\/ul><\/div>\n<form action=\"\/new\/wp-json\/wp\/v2\/pages\/537#wpcf7-f83-o1\" method=\"post\" class=\"wpcf7-form init\" aria-label=\"Contact form\" novalidate=\"novalidate\" data-status=\"init\">\n<fieldset class=\"hidden-fields-container\"><input type=\"hidden\" name=\"_wpcf7\" value=\"83\" \/><input type=\"hidden\" name=\"_wpcf7_version\" value=\"6.1.5\" \/><input type=\"hidden\" name=\"_wpcf7_locale\" value=\"en_US\" \/><input type=\"hidden\" name=\"_wpcf7_unit_tag\" value=\"wpcf7-f83-o1\" \/><input type=\"hidden\" name=\"_wpcf7_container_post\" value=\"0\" \/><input type=\"hidden\" name=\"_wpcf7_posted_data_hash\" value=\"\" \/><input type=\"hidden\" name=\"_wpcf7_recaptcha_response\" value=\"\" \/>\n<\/fieldset>\n\n<input class=\"wpcf7-form-control wpcf7-hidden\" value=\"Demande de renseignement\" type=\"hidden\" name=\"your-subject\" \/>\n<p>Nom <i>(requis)<\/i>\n<\/p>\n<p><span class=\"wpcf7-form-control-wrap\" data-name=\"your-name\"><input size=\"40\" maxlength=\"400\" class=\"wpcf7-form-control wpcf7-text wpcf7-validates-as-required\" aria-required=\"true\" aria-invalid=\"false\" value=\"\" type=\"text\" name=\"your-name\" \/><\/span>\n<\/p>\n<p>Email <i>(requis)<\/i>\n<\/p>\n<p><span class=\"wpcf7-form-control-wrap\" data-name=\"your-email\"><input size=\"40\" maxlength=\"400\" class=\"wpcf7-form-control wpcf7-email wpcf7-validates-as-required wpcf7-text wpcf7-validates-as-email\" aria-required=\"true\" aria-invalid=\"false\" value=\"\" type=\"email\" name=\"your-email\" \/><\/span>\n<\/p>\n<p>T\u00e9l\u00e9phone <i>(requis)<\/i>\n<\/p>\n<p><span class=\"wpcf7-form-control-wrap\" data-name=\"tel-730\"><input size=\"40\" maxlength=\"400\" class=\"wpcf7-form-control wpcf7-tel wpcf7-validates-as-required wpcf7-text wpcf7-validates-as-tel\" aria-required=\"true\" aria-invalid=\"false\" value=\"\" type=\"tel\" name=\"tel-730\" \/><\/span>\n<\/p>\n<p>Votre message<i>(requis)<\/i>\n<\/p>\n<p><span class=\"wpcf7-form-control-wrap\" data-name=\"your-message\"><textarea cols=\"40\" rows=\"10\" maxlength=\"2000\" class=\"wpcf7-form-control wpcf7-textarea wpcf7-validates-as-required\" aria-required=\"true\" aria-invalid=\"false\" name=\"your-message\"><\/textarea><\/span>\n<\/p>\n<div class=\"wpcf7-response-output\" aria-hidden=\"true\"><\/div>\n<p><input class=\"wpcf7-form-control wpcf7-submit has-spinner\" type=\"submit\" value=\"Envoyer \/ Send\" \/>\n<\/p>\n<\/form>\n<\/div>\n\n<div align=\"center\"><iframe loading=\"lazy\" style=\"border: 0;\" src=\"https:\/\/www.google.com\/maps\/embed?pb=!1m14!1m8!1m3!1d2548.714497693213!2d2.2492990721216093!3d48.888760945694116!3m2!1i1024!2i768!4f13.1!3m3!1m2!1s0x0%3A0xd8d3cc5d431d3e71!2sInterface+Business+Languages+I.b.l!5e0!3m2!1sen!2sfr!4v1532954456731\" width=\"600\" height=\"450\" frameborder=\"0\" allowfullscreen=\"allowfullscreen\" data-mce-fragment=\"1\"><\/iframe><\/div>\n<\/div>\n<\/div>\n<\/div>\n<\/div>\n<\/div>\n","protected":false},"excerpt":{"rendered":"<p>Interface Business Languages 19 place de l&#8217;Iris, Paris &#8211; La D\u00e9fense T\u00e9l. 01 47 76 &#8230; <\/p>\n<p class=\"read-more-container\"><a title=\"Nous contacter\" class=\"read-more button\" href=\"https:\/\/www.interface-biz.com\/new\/nous-contacter\/#more-537\" aria-label=\"Read more about Nous contacter\">en savoir plus<\/a><\/p>\n","protected":false},"author":17,"featured_media":0,"parent":0,"menu_order":0,"comment_status":"closed","ping_status":"closed","template":"","meta":{"_lmt_disableupdate":"no","_lmt_disable":"yes","footnotes":"","_links_to":"","_links_to_target":""},"class_list":{"0":"post-537","1":"page","2":"type-page","3":"status-publish","5":"infinite-scroll-item"},"yoast_head":"<!-- This site is optimized with the Yoast SEO plugin v27.5 - https:\/\/yoast.com\/product\/yoast-seo-wordpress\/ -->\n<title>Nous contacter - Interface Business Languages<\/title>\n<meta name=\"robots\" content=\"index, follow, max-snippet:-1, max-image-preview:large, max-video-preview:-1\" \/>\n<link rel=\"canonical\" href=\"https:\/\/www.interface-biz.com\/new\/nous-contacter\/\" \/>\n<meta property=\"og:locale\" content=\"en_US\" \/>\n<meta property=\"og:type\" content=\"article\" \/>\n<meta property=\"og:title\" content=\"Nous contacter - Interface Business Languages\" \/>\n<meta property=\"og:description\" content=\"Interface Business Languages 19 place de l&#8217;Iris, Paris &#8211; La D\u00e9fense T\u00e9l. 01 47 76 ... en savoir plus\" \/>\n<meta property=\"og:url\" content=\"https:\/\/www.interface-biz.com\/new\/nous-contacter\/\" \/>\n<meta property=\"og:site_name\" content=\"Interface Business Languages\" \/>\n<meta property=\"article:modified_time\" content=\"2024-03-08T13:48:53+00:00\" \/>\n<meta name=\"twitter:card\" content=\"summary_large_image\" \/>\n<script type=\"application\/ld+json\" class=\"yoast-schema-graph\">{\"@context\":\"https:\\\/\\\/schema.org\",\"@graph\":[{\"@type\":\"WebPage\",\"@id\":\"https:\\\/\\\/www.interface-biz.com\\\/new\\\/nous-contacter\\\/\",\"url\":\"https:\\\/\\\/www.interface-biz.com\\\/new\\\/nous-contacter\\\/\",\"name\":\"Nous contacter - Interface Business Languages\",\"isPartOf\":{\"@id\":\"https:\\\/\\\/www.interface-biz.com\\\/new\\\/#website\"},\"datePublished\":\"2019-06-01T08:21:53+00:00\",\"dateModified\":\"2024-03-08T13:48:53+00:00\",\"breadcrumb\":{\"@id\":\"https:\\\/\\\/www.interface-biz.com\\\/new\\\/nous-contacter\\\/#breadcrumb\"},\"inLanguage\":\"en-US\",\"potentialAction\":[{\"@type\":\"ReadAction\",\"target\":[\"https:\\\/\\\/www.interface-biz.com\\\/new\\\/nous-contacter\\\/\"]}]},{\"@type\":\"BreadcrumbList\",\"@id\":\"https:\\\/\\\/www.interface-biz.com\\\/new\\\/nous-contacter\\\/#breadcrumb\",\"itemListElement\":[{\"@type\":\"ListItem\",\"position\":1,\"name\":\"Home\",\"item\":\"https:\\\/\\\/www.interface-biz.com\\\/new\\\/\"},{\"@type\":\"ListItem\",\"position\":2,\"name\":\"Nous contacter\"}]},{\"@type\":\"WebSite\",\"@id\":\"https:\\\/\\\/www.interface-biz.com\\\/new\\\/#website\",\"url\":\"https:\\\/\\\/www.interface-biz.com\\\/new\\\/\",\"name\":\"Interface Business Languages\",\"description\":\"Sp\u00e9cialiste des langues \u00e9trang\u00e8res, nous pla\u00e7ons l&#039;humain au c\u0153ur de nos formations\",\"publisher\":{\"@id\":\"https:\\\/\\\/www.interface-biz.com\\\/new\\\/#organization\"},\"inLanguage\":\"en-US\"},{\"@type\":\"Organization\",\"@id\":\"https:\\\/\\\/www.interface-biz.com\\\/new\\\/#organization\",\"name\":\"Interface Business Languages\",\"url\":\"https:\\\/\\\/www.interface-biz.com\\\/new\\\/\",\"logo\":{\"@type\":\"ImageObject\",\"inLanguage\":\"en-US\",\"@id\":\"https:\\\/\\\/www.interface-biz.com\\\/new\\\/#\\\/schema\\\/logo\\\/image\\\/\",\"url\":\"https:\\\/\\\/www.interface-biz.com\\\/new\\\/wp-content\\\/uploads\\\/2021\\\/11\\\/IBL-block-logo.jpg\",\"contentUrl\":\"https:\\\/\\\/www.interface-biz.com\\\/new\\\/wp-content\\\/uploads\\\/2021\\\/11\\\/IBL-block-logo.jpg\",\"width\":876,\"height\":160,\"caption\":\"Interface Business Languages\"},\"image\":{\"@id\":\"https:\\\/\\\/www.interface-biz.com\\\/new\\\/#\\\/schema\\\/logo\\\/image\\\/\"},\"sameAs\":[\"https:\\\/\\\/www.linkedin.com\\\/company\\\/interface-business-languages\\\/\"]}]}<\/script>\n<!-- \/ Yoast SEO plugin. -->","yoast_head_json":{"title":"Nous contacter - Interface Business Languages","robots":{"index":"index","follow":"follow","max-snippet":"max-snippet:-1","max-image-preview":"max-image-preview:large","max-video-preview":"max-video-preview:-1"},"canonical":"https:\/\/www.interface-biz.com\/new\/nous-contacter\/","og_locale":"en_US","og_type":"article","og_title":"Nous contacter - Interface Business Languages","og_description":"Interface Business Languages 19 place de l&#8217;Iris, Paris &#8211; La D\u00e9fense T\u00e9l. 01 47 76 ... en savoir plus","og_url":"https:\/\/www.interface-biz.com\/new\/nous-contacter\/","og_site_name":"Interface Business Languages","article_modified_time":"2024-03-08T13:48:53+00:00","twitter_card":"summary_large_image","schema":{"@context":"https:\/\/schema.org","@graph":[{"@type":"WebPage","@id":"https:\/\/www.interface-biz.com\/new\/nous-contacter\/","url":"https:\/\/www.interface-biz.com\/new\/nous-contacter\/","name":"Nous contacter - Interface Business Languages","isPartOf":{"@id":"https:\/\/www.interface-biz.com\/new\/#website"},"datePublished":"2019-06-01T08:21:53+00:00","dateModified":"2024-03-08T13:48:53+00:00","breadcrumb":{"@id":"https:\/\/www.interface-biz.com\/new\/nous-contacter\/#breadcrumb"},"inLanguage":"en-US","potentialAction":[{"@type":"ReadAction","target":["https:\/\/www.interface-biz.com\/new\/nous-contacter\/"]}]},{"@type":"BreadcrumbList","@id":"https:\/\/www.interface-biz.com\/new\/nous-contacter\/#breadcrumb","itemListElement":[{"@type":"ListItem","position":1,"name":"Home","item":"https:\/\/www.interface-biz.com\/new\/"},{"@type":"ListItem","position":2,"name":"Nous contacter"}]},{"@type":"WebSite","@id":"https:\/\/www.interface-biz.com\/new\/#website","url":"https:\/\/www.interface-biz.com\/new\/","name":"Interface Business Languages","description":"Sp\u00e9cialiste des langues \u00e9trang\u00e8res, nous pla\u00e7ons l&#039;humain au c\u0153ur de nos formations","publisher":{"@id":"https:\/\/www.interface-biz.com\/new\/#organization"},"inLanguage":"en-US"},{"@type":"Organization","@id":"https:\/\/www.interface-biz.com\/new\/#organization","name":"Interface Business Languages","url":"https:\/\/www.interface-biz.com\/new\/","logo":{"@type":"ImageObject","inLanguage":"en-US","@id":"https:\/\/www.interface-biz.com\/new\/#\/schema\/logo\/image\/","url":"https:\/\/www.interface-biz.com\/new\/wp-content\/uploads\/2021\/11\/IBL-block-logo.jpg","contentUrl":"https:\/\/www.interface-biz.com\/new\/wp-content\/uploads\/2021\/11\/IBL-block-logo.jpg","width":876,"height":160,"caption":"Interface Business Languages"},"image":{"@id":"https:\/\/www.interface-biz.com\/new\/#\/schema\/logo\/image\/"},"sameAs":["https:\/\/www.linkedin.com\/company\/interface-business-languages\/"]}]}},"_links":{"self":[{"href":"https:\/\/www.interface-biz.com\/new\/wp-json\/wp\/v2\/pages\/537","targetHints":{"allow":["GET"]}}],"collection":[{"href":"https:\/\/www.interface-biz.com\/new\/wp-json\/wp\/v2\/pages"}],"about":[{"href":"https:\/\/www.interface-biz.com\/new\/wp-json\/wp\/v2\/types\/page"}],"author":[{"embeddable":true,"href":"https:\/\/www.interface-biz.com\/new\/wp-json\/wp\/v2\/users\/17"}],"replies":[{"embeddable":true,"href":"https:\/\/www.interface-biz.com\/new\/wp-json\/wp\/v2\/comments?post=537"}],"version-history":[{"count":5,"href":"https:\/\/www.interface-biz.com\/new\/wp-json\/wp\/v2\/pages\/537\/revisions"}],"predecessor-version":[{"id":19020,"href":"https:\/\/www.interface-biz.com\/new\/wp-json\/wp\/v2\/pages\/537\/revisions\/19020"}],"wp:attachment":[{"href":"https:\/\/www.interface-biz.com\/new\/wp-json\/wp\/v2\/media?parent=537"}],"curies":[{"name":"wp","href":"https:\/\/api.w.org\/{rel}","templated":true}]}}